{"id":13,"date":"2021-01-08T20:01:36","date_gmt":"2021-01-08T19:01:36","guid":{"rendered":"http:\/\/wir-sind-dann-mal-in-afrika.de\/?page_id=13"},"modified":"2021-08-22T22:10:56","modified_gmt":"2021-08-22T20:10:56","slug":"front-page","status":"publish","type":"page","link":"https:\/\/wir-sind-dann-mal-in-afrika.de\/start\/","title":{"rendered":"Bunte Worte vom Leben und Arbeiten im Land der 1000 H\u00fcgel"},"content":{"rendered":"\n<hr class=\"wp-block-separator\"\/>\n\n\n\n<div style=\"height:86px\" aria-hidden=\"true\" class=\"wp-block-spacer\"><\/div>\n\n\n\n<div class=\"wp-block-columns is-layout-flex wp-container-core-columns-is-layout-9d6595d7 wp-block-columns-is-layout-flex\">\n<div class=\"wp-block-column is-vertically-aligned-top is-layout-flow wp-block-column-is-layout-flow\">\n<div class=\"wp-block-image\"><figure class=\"aligncenter size-full is-resized\"><img data-recalc-dims=\"1\" loading=\"lazy\" decoding=\"async\" src=\"https:\/\/i0.wp.com\/wir-sind-dann-mal-in-afrika.de\/wp-content\/uploads\/2021\/02\/IMG_2788.jpg?resize=390%2C260&#038;ssl=1\" alt=\"\" class=\"wp-image-193\" width=\"390\" height=\"260\" srcset=\"https:\/\/i0.wp.com\/wir-sind-dann-mal-in-afrika.de\/wp-content\/uploads\/2021\/02\/IMG_2788.jpg?w=300&amp;ssl=1 300w, https:\/\/i0.wp.com\/wir-sind-dann-mal-in-afrika.de\/wp-content\/uploads\/2021\/02\/IMG_2788.jpg?resize=174%2C116&amp;ssl=1 174w\" sizes=\"auto, (max-width: 390px) 100vw, 390px\" \/><\/figure><\/div>\n\n\n\n<h2 class=\"wp-block-heading\">GR\u00dcN<\/h2>\n\n\n\n<p class=\"has-text-align-justify\" id=\"block-cccb533d-0ecf-40b5-b3a0-cdc1e814edc9\">&#8230; ist die Farbe, die das Bild von Ruanda am meisten pr\u00e4gt. Gr\u00fcne H\u00fcgel, tausende im ganzen Land, voll Palmen oder Tee, Kaffee oder anderen Nutzpflanzen. Im September 2020 konnten wir das als Familie mit eigenen Augen bestaunen und haben uns sehr wohlgef\u00fchlt in diesem kleinen Land in Ostafrika. Also machen wir es wirklich, entschieden wir dann. Wir ziehen nach Ruanda. <br>Wir, das sind Eva und J\u00f6rg mit Jakob und Lilly. Seit dem Sommer 2021 sind wir hier angekommen und werden f\u00fcr 3 Jahre in Muhanga wohnen.<\/p>\n\n\n\n<p><\/p>\n<\/div>\n\n\n\n<div class=\"wp-block-column is-layout-flow wp-block-column-is-layout-flow\">\n<div class=\"wp-block-image is-style-default\"><figure class=\"aligncenter size-full is-resized\"><img data-recalc-dims=\"1\" loading=\"lazy\" decoding=\"async\" src=\"https:\/\/i0.wp.com\/wir-sind-dann-mal-in-afrika.de\/wp-content\/uploads\/2021\/02\/Kirinda-Hospital-entrance-1.jpg?resize=390%2C260&#038;ssl=1\" alt=\"\" class=\"wp-image-209\" width=\"390\" height=\"260\" srcset=\"https:\/\/i0.wp.com\/wir-sind-dann-mal-in-afrika.de\/wp-content\/uploads\/2021\/02\/Kirinda-Hospital-entrance-1.jpg?w=300&amp;ssl=1 300w, https:\/\/i0.wp.com\/wir-sind-dann-mal-in-afrika.de\/wp-content\/uploads\/2021\/02\/Kirinda-Hospital-entrance-1.jpg?resize=174%2C116&amp;ssl=1 174w\" sizes=\"auto, (max-width: 390px) 100vw, 390px\" \/><\/figure><\/div>\n\n\n\n<h2 class=\"wp-block-heading\">ROT<\/h2>\n\n\n\n<p class=\"has-text-align-justify\">&#8230; oder rot-braun &#8211; so leuchtet die Schotter-Stra\u00dfe, die zum Kirinda District Hospital f\u00fchrt. F\u00fcr uns ist das deswegen interessant, weil es J\u00f6rg&#8217;s  Arbeitsweg ist. Er arbeitet dort als Kinderarzt , um gemeinsam mit den ruandischen \u00c4rzten, Hebammen und Krankenschwestern die Versorgung der Babys und Kinder zu verbessern. <br>Dieses Projekt wird erm\u00f6glicht und gef\u00f6rdert durch die kirchliche Organisation Coworkers \/ CFI, einem staatlich anerkannten Entwicklungsdienst.<\/p>\n<\/div>\n<\/div>\n\n\n\n<div class=\"wp-block-columns alignwide are-vertically-aligned-center is-style-twentytwentyone-columns-overlap is-layout-flex wp-container-core-columns-is-layout-9d6595d7 wp-block-columns-is-layout-flex\">\n<div class=\"wp-block-column is-vertically-aligned-center is-layout-flow wp-block-column-is-layout-flow\">\n<div style=\"height:100px\" aria-hidden=\"true\" class=\"wp-block-spacer\"><\/div>\n<\/div>\n\n\n\n<div class=\"wp-block-column is-vertically-aligned-center is-layout-flow wp-block-column-is-layout-flow\">\n<div style=\"height:100px\" aria-hidden=\"true\" class=\"wp-block-spacer\"><\/div>\n<\/div>\n<\/div>\n\n\n\n<div style=\"height:50px\" aria-hidden=\"true\" class=\"wp-block-spacer\"><\/div>\n\n\n\n<div class=\"wp-block-columns alignwide are-vertically-aligned-top is-layout-flex wp-container-core-columns-is-layout-9d6595d7 wp-block-columns-is-layout-flex\">\n<div class=\"wp-block-column is-vertically-aligned-top is-layout-flow wp-block-column-is-layout-flow\"><\/div>\n\n\n\n<div class=\"wp-block-column is-vertically-aligned-top is-layout-flow wp-block-column-is-layout-flow\"><\/div>\n\n\n\n<div class=\"wp-block-column is-vertically-aligned-top is-layout-flow wp-block-column-is-layout-flow\"><\/div>\n<\/div>\n","protected":false},"excerpt":{"rendered":"<p>GR\u00dcN &#8230; ist die Farbe, die das Bild von Ruanda am meisten pr\u00e4gt. Gr\u00fcne H\u00fcgel, tausende im ganzen Land, voll&hellip; <a class=\"read-more\" href=\"https:\/\/wir-sind-dann-mal-in-afrika.de\/start\/\">Weiterlesen<\/a><\/p>\n","protected":false},"author":1,"featured_media":0,"parent":0,"menu_order":0,"comment_status":"closed","ping_status":"closed","template":"","meta":{"footnotes":""},"class_list":["post-13","page","type-page","status-publish","hentry"],"jetpack_sharing_enabled":true,"_links":{"self":[{"href":"https:\/\/wir-sind-dann-mal-in-afrika.de\/start\/wp-json\/wp\/v2\/pages\/13","targetHints":{"allow":["GET"]}}],"collection":[{"href":"https:\/\/wir-sind-dann-mal-in-afrika.de\/start\/wp-json\/wp\/v2\/pages"}],"about":[{"href":"https:\/\/wir-sind-dann-mal-in-afrika.de\/start\/wp-json\/wp\/v2\/types\/page"}],"author":[{"embeddable":true,"href":"https:\/\/wir-sind-dann-mal-in-afrika.de\/start\/wp-json\/wp\/v2\/users\/1"}],"replies":[{"embeddable":true,"href":"https:\/\/wir-sind-dann-mal-in-afrika.de\/start\/wp-json\/wp\/v2\/comments?post=13"}],"version-history":[{"count":52,"href":"https:\/\/wir-sind-dann-mal-in-afrika.de\/start\/wp-json\/wp\/v2\/pages\/13\/revisions"}],"predecessor-version":[{"id":458,"href":"https:\/\/wir-sind-dann-mal-in-afrika.de\/start\/wp-json\/wp\/v2\/pages\/13\/revisions\/458"}],"wp:attachment":[{"href":"https:\/\/wir-sind-dann-mal-in-afrika.de\/start\/wp-json\/wp\/v2\/media?parent=13"}],"curies":[{"name":"wp","href":"https:\/\/api.w.org\/{rel}","templated":true}]}}