{"id":286,"date":"2021-02-23T14:25:22","date_gmt":"2021-02-23T13:25:22","guid":{"rendered":"https:\/\/wir-sind-dann-mal-in-afrika.de\/start\/?page_id=286"},"modified":"2023-12-04T22:10:13","modified_gmt":"2023-12-04T21:10:13","slug":"ruanda-post","status":"publish","type":"page","link":"https:\/\/wir-sind-dann-mal-in-afrika.de\/start\/ruanda-post\/","title":{"rendered":"Ruanda-Post"},"content":{"rendered":"\n<p>Wir schreiben (un-)regelm\u00e4\u00dfige Briefe, in denen wir \u00fcber unser Leben und unsere Arbeit in Ruanda berichten. Unsere Ruanda Post k\u00f6nnt ihr rechts unten abonnieren, dann bekommt ihr sie direkt als Email.<br><br>Die letzten Briefe findet ihr immer hier:<\/p>\n\n\n\n<div style=\"height:51px\" aria-hidden=\"true\" class=\"wp-block-spacer\"><\/div>\n\n\n\n<div class=\"wp-block-columns is-layout-flex wp-container-core-columns-is-layout-9d6595d7 wp-block-columns-is-layout-flex\">\n<div class=\"wp-block-column is-layout-flow wp-block-column-is-layout-flow\">\n<p><\/p>\n\n\n\n<p><\/p>\n<\/div>\n\n\n\n<div class=\"wp-block-column is-layout-flow wp-block-column-is-layout-flow\"><\/div>\n\n\n\n<div class=\"wp-block-column is-layout-flow wp-block-column-is-layout-flow\">\n<figure class=\"wp-block-image size-full is-resized\"><a href=\"https:\/\/wir-sind-dann-mal-in-afrika.de\/wp-content\/uploads\/2023\/12\/Ruandapost_10.pdf\" target=\"_blank\" rel=\"noreferrer noopener\"><img data-recalc-dims=\"1\" loading=\"lazy\" decoding=\"async\" width=\"594\" height=\"841\" src=\"https:\/\/i0.wp.com\/wir-sind-dann-mal-in-afrika.de\/wp-content\/uploads\/2023\/12\/Ruandapost-10.jpg?resize=594%2C841&#038;ssl=1\" alt=\"\" class=\"wp-image-1234\" style=\"width:162px;height:230px\" srcset=\"https:\/\/i0.wp.com\/wir-sind-dann-mal-in-afrika.de\/wp-content\/uploads\/2023\/12\/Ruandapost-10.jpg?w=594&amp;ssl=1 594w, https:\/\/i0.wp.com\/wir-sind-dann-mal-in-afrika.de\/wp-content\/uploads\/2023\/12\/Ruandapost-10.jpg?resize=212%2C300&amp;ssl=1 212w, https:\/\/i0.wp.com\/wir-sind-dann-mal-in-afrika.de\/wp-content\/uploads\/2023\/12\/Ruandapost-10.jpg?resize=82%2C116&amp;ssl=1 82w\" sizes=\"auto, (max-width: 594px) 100vw, 594px\" \/><\/a><figcaption class=\"wp-element-caption\"><a href=\"https:\/\/wir-sind-dann-mal-in-afrika.de\/wp-content\/uploads\/2023\/12\/Ruandapost_10.pdf\" target=\"_blank\" rel=\"noreferrer noopener\">Ruanda Post N\u00b010<\/a><\/figcaption><\/figure>\n\n\n\n<p><\/p>\n<\/div>\n<\/div>\n\n\n\n<div class=\"wp-block-columns is-layout-flex wp-container-core-columns-is-layout-9d6595d7 wp-block-columns-is-layout-flex\">\n<div class=\"wp-block-column is-layout-flow wp-block-column-is-layout-flow\">\n<figure class=\"wp-block-image size-full is-resized\"><a href=\"https:\/\/wir-sind-dann-mal-in-afrika.de\/wp-content\/uploads\/2023\/09\/Ruandapost_9.pdf\"><img data-recalc-dims=\"1\" loading=\"lazy\" decoding=\"async\" width=\"633\" height=\"894\" src=\"https:\/\/i0.wp.com\/wir-sind-dann-mal-in-afrika.de\/wp-content\/uploads\/2023\/09\/RP-9.jpg?resize=633%2C894&#038;ssl=1\" alt=\"\" class=\"wp-image-1225\" style=\"object-fit:cover;width:162px;height:230px\" srcset=\"https:\/\/i0.wp.com\/wir-sind-dann-mal-in-afrika.de\/wp-content\/uploads\/2023\/09\/RP-9.jpg?w=633&amp;ssl=1 633w, https:\/\/i0.wp.com\/wir-sind-dann-mal-in-afrika.de\/wp-content\/uploads\/2023\/09\/RP-9.jpg?resize=212%2C300&amp;ssl=1 212w, https:\/\/i0.wp.com\/wir-sind-dann-mal-in-afrika.de\/wp-content\/uploads\/2023\/09\/RP-9.jpg?resize=82%2C116&amp;ssl=1 82w\" sizes=\"auto, (max-width: 633px) 100vw, 633px\" \/><\/a><figcaption class=\"wp-element-caption\"><a href=\"https:\/\/wir-sind-dann-mal-in-afrika.de\/wp-content\/uploads\/2023\/09\/Ruandapost_9.pdf\">Ruanda Post N\u00b09<\/a><\/figcaption><\/figure>\n\n\n\n<p><\/p>\n\n\n\n<p><\/p>\n<\/div>\n\n\n\n<div class=\"wp-block-column is-layout-flow wp-block-column-is-layout-flow\">\n<figure class=\"wp-block-image size-full is-resized\"><a href=\"https:\/\/wir-sind-dann-mal-in-afrika.de\/start?mailpoet_router&amp;endpoint=track&amp;action=click&amp;data=WyIyIiwic3VpNzhjZTB0dW9na3N3azAwa2swY2Nvczgwb280MHMiLCIxMCIsIjZmMDY1MjRlYTc0NyIsZmFsc2Vd\"><img data-recalc-dims=\"1\" loading=\"lazy\" decoding=\"async\" width=\"592\" height=\"840\" src=\"https:\/\/i0.wp.com\/wir-sind-dann-mal-in-afrika.de\/wp-content\/uploads\/2023\/03\/RP-8.jpg?resize=592%2C840&#038;ssl=1\" alt=\"\" class=\"wp-image-1212\" style=\"width:162px;height:230px\" srcset=\"https:\/\/i0.wp.com\/wir-sind-dann-mal-in-afrika.de\/wp-content\/uploads\/2023\/03\/RP-8.jpg?w=592&amp;ssl=1 592w, https:\/\/i0.wp.com\/wir-sind-dann-mal-in-afrika.de\/wp-content\/uploads\/2023\/03\/RP-8.jpg?resize=211%2C300&amp;ssl=1 211w, https:\/\/i0.wp.com\/wir-sind-dann-mal-in-afrika.de\/wp-content\/uploads\/2023\/03\/RP-8.jpg?resize=82%2C116&amp;ssl=1 82w\" sizes=\"auto, (max-width: 592px) 100vw, 592px\" \/><\/a><figcaption class=\"wp-element-caption\"><a href=\"https:\/\/wir-sind-dann-mal-in-afrika.de\/start?mailpoet_router&amp;endpoint=track&amp;action=click&amp;data=WyIyIiwic3VpNzhjZTB0dW9na3N3azAwa2swY2Nvczgwb280MHMiLCIxMCIsIjZmMDY1MjRlYTc0NyIsZmFsc2Vd\" target=\"_blank\" rel=\"noreferrer noopener\">Ruanda Post N\u00b08<\/a><\/figcaption><\/figure>\n<\/div>\n\n\n\n<div class=\"wp-block-column is-layout-flow wp-block-column-is-layout-flow\">\n<figure class=\"wp-block-image size-full is-resized\"><a href=\"https:\/\/wir-sind-dann-mal-in-afrika.de\/wp-content\/uploads\/2022\/12\/Ruandapost-7.pdf\" target=\"_blank\" rel=\"noreferrer noopener\"><img data-recalc-dims=\"1\" loading=\"lazy\" decoding=\"async\" width=\"527\" height=\"749\" src=\"https:\/\/i0.wp.com\/wir-sind-dann-mal-in-afrika.de\/wp-content\/uploads\/2022\/12\/RP-7.jpg?resize=527%2C749&#038;ssl=1\" alt=\"\" class=\"wp-image-1081\" style=\"width:162px;height:230px\" srcset=\"https:\/\/i0.wp.com\/wir-sind-dann-mal-in-afrika.de\/wp-content\/uploads\/2022\/12\/RP-7.jpg?w=527&amp;ssl=1 527w, https:\/\/i0.wp.com\/wir-sind-dann-mal-in-afrika.de\/wp-content\/uploads\/2022\/12\/RP-7.jpg?resize=211%2C300&amp;ssl=1 211w, https:\/\/i0.wp.com\/wir-sind-dann-mal-in-afrika.de\/wp-content\/uploads\/2022\/12\/RP-7.jpg?resize=82%2C116&amp;ssl=1 82w\" sizes=\"auto, (max-width: 527px) 100vw, 527px\" \/><\/a><figcaption class=\"wp-element-caption\"><a href=\"https:\/\/wir-sind-dann-mal-in-afrika.de\/wp-content\/uploads\/2022\/12\/Ruandapost-7.pdf\" target=\"_blank\" rel=\"noreferrer noopener\">Ruanda Post N\u00b07<\/a><\/figcaption><\/figure>\n\n\n\n<p><\/p>\n<\/div>\n<\/div>\n\n\n\n<div class=\"wp-block-columns is-layout-flex wp-container-core-columns-is-layout-9d6595d7 wp-block-columns-is-layout-flex\">\n<div class=\"wp-block-column is-layout-flow wp-block-column-is-layout-flow\">\n<figure class=\"wp-block-image size-full is-resized\"><a href=\"https:\/\/wir-sind-dann-mal-in-afrika.de\/wp-content\/uploads\/2022\/08\/Ruandapost-6.pdf\" target=\"_blank\" rel=\"noreferrer noopener\"><img data-recalc-dims=\"1\" loading=\"lazy\" decoding=\"async\" width=\"529\" height=\"751\" src=\"https:\/\/i0.wp.com\/wir-sind-dann-mal-in-afrika.de\/wp-content\/uploads\/2022\/08\/Rwandapost_6.jpg?resize=529%2C751&#038;ssl=1\" alt=\"\" class=\"wp-image-801\" style=\"width:162px;height:230px\" srcset=\"https:\/\/i0.wp.com\/wir-sind-dann-mal-in-afrika.de\/wp-content\/uploads\/2022\/08\/Rwandapost_6.jpg?w=529&amp;ssl=1 529w, https:\/\/i0.wp.com\/wir-sind-dann-mal-in-afrika.de\/wp-content\/uploads\/2022\/08\/Rwandapost_6.jpg?resize=211%2C300&amp;ssl=1 211w, https:\/\/i0.wp.com\/wir-sind-dann-mal-in-afrika.de\/wp-content\/uploads\/2022\/08\/Rwandapost_6.jpg?resize=82%2C116&amp;ssl=1 82w\" sizes=\"auto, (max-width: 529px) 100vw, 529px\" \/><\/a><figcaption class=\"wp-element-caption\"><a href=\"https:\/\/wir-sind-dann-mal-in-afrika.de\/wp-content\/uploads\/2022\/08\/Ruandapost-6.pdf\" target=\"_blank\" rel=\"noreferrer noopener\">Runada Post N\u00b06<\/a><\/figcaption><\/figure>\n<\/div>\n\n\n\n<div class=\"wp-block-column is-layout-flow wp-block-column-is-layout-flow\">\n<figure class=\"wp-block-image size-full is-resized\"><a href=\"https:\/\/wir-sind-dann-mal-in-afrika.de\/wp-content\/uploads\/2022\/04\/Rundapost-5.pdf\" target=\"_blank\" rel=\"noopener\"><img data-recalc-dims=\"1\" loading=\"lazy\" decoding=\"async\" width=\"528\" height=\"748\" src=\"https:\/\/i0.wp.com\/wir-sind-dann-mal-in-afrika.de\/wp-content\/uploads\/2022\/03\/Bild_2022-03-31_201546.png?resize=528%2C748&#038;ssl=1\" alt=\"\" class=\"wp-image-698\" style=\"width:162px;height:230px\" srcset=\"https:\/\/i0.wp.com\/wir-sind-dann-mal-in-afrika.de\/wp-content\/uploads\/2022\/03\/Bild_2022-03-31_201546.png?w=528&amp;ssl=1 528w, https:\/\/i0.wp.com\/wir-sind-dann-mal-in-afrika.de\/wp-content\/uploads\/2022\/03\/Bild_2022-03-31_201546.png?resize=212%2C300&amp;ssl=1 212w, https:\/\/i0.wp.com\/wir-sind-dann-mal-in-afrika.de\/wp-content\/uploads\/2022\/03\/Bild_2022-03-31_201546.png?resize=82%2C116&amp;ssl=1 82w\" sizes=\"auto, (max-width: 528px) 100vw, 528px\" \/><\/a><figcaption class=\"wp-element-caption\"><a href=\"https:\/\/wir-sind-dann-mal-in-afrika.de\/wp-content\/uploads\/2022\/04\/Rundapost-5.pdf\" target=\"_blank\" rel=\"noreferrer noopener\">Ruanda Post N\u00b05<\/a><\/figcaption><\/figure>\n<\/div>\n\n\n\n<div class=\"wp-block-column is-layout-flow wp-block-column-is-layout-flow\">\n<figure class=\"wp-block-image size-full is-resized\"><a href=\"https:\/\/wir-sind-dann-mal-in-afrika.de\/wp-content\/uploads\/2021\/12\/Rundapost-4.pdf\"><img data-recalc-dims=\"1\" loading=\"lazy\" decoding=\"async\" width=\"587\" height=\"813\" src=\"https:\/\/i0.wp.com\/wir-sind-dann-mal-in-afrika.de\/wp-content\/uploads\/2021\/12\/Bild_2021-12-12_000749.png?resize=587%2C813&#038;ssl=1\" alt=\"\" class=\"wp-image-611\" style=\"width:162px;height:230px\" srcset=\"https:\/\/i0.wp.com\/wir-sind-dann-mal-in-afrika.de\/wp-content\/uploads\/2021\/12\/Bild_2021-12-12_000749.png?w=587&amp;ssl=1 587w, https:\/\/i0.wp.com\/wir-sind-dann-mal-in-afrika.de\/wp-content\/uploads\/2021\/12\/Bild_2021-12-12_000749.png?resize=217%2C300&amp;ssl=1 217w, https:\/\/i0.wp.com\/wir-sind-dann-mal-in-afrika.de\/wp-content\/uploads\/2021\/12\/Bild_2021-12-12_000749.png?resize=84%2C116&amp;ssl=1 84w\" sizes=\"auto, (max-width: 587px) 100vw, 587px\" \/><\/a><figcaption class=\"wp-element-caption\"><a href=\"https:\/\/wir-sind-dann-mal-in-afrika.de\/wp-content\/uploads\/2021\/12\/Rundapost-4.pdf\" target=\"_blank\" rel=\"noreferrer noopener\">Ruanda Post N\u00b04<\/a><\/figcaption><\/figure>\n<\/div>\n<\/div>\n\n\n\n<div class=\"wp-block-columns is-layout-flex wp-container-core-columns-is-layout-9d6595d7 wp-block-columns-is-layout-flex\">\n<div class=\"wp-block-column is-layout-flow wp-block-column-is-layout-flow\">\n<figure class=\"wp-block-image size-full is-resized\"><img data-recalc-dims=\"1\" loading=\"lazy\" decoding=\"async\" width=\"527\" height=\"748\" src=\"https:\/\/i0.wp.com\/wir-sind-dann-mal-in-afrika.de\/wp-content\/uploads\/2021\/08\/Bild_2021-08-23_210953.png?resize=527%2C748&#038;ssl=1\" alt=\"\" class=\"wp-image-462\" style=\"width:162px;height:230px\" srcset=\"https:\/\/i0.wp.com\/wir-sind-dann-mal-in-afrika.de\/wp-content\/uploads\/2021\/08\/Bild_2021-08-23_210953.png?w=527&amp;ssl=1 527w, https:\/\/i0.wp.com\/wir-sind-dann-mal-in-afrika.de\/wp-content\/uploads\/2021\/08\/Bild_2021-08-23_210953.png?resize=211%2C300&amp;ssl=1 211w, https:\/\/i0.wp.com\/wir-sind-dann-mal-in-afrika.de\/wp-content\/uploads\/2021\/08\/Bild_2021-08-23_210953.png?resize=82%2C116&amp;ssl=1 82w\" sizes=\"auto, (max-width: 527px) 100vw, 527px\" \/><figcaption class=\"wp-element-caption\"><a href=\"https:\/\/wir-sind-dann-mal-in-afrika.de\/wp-content\/uploads\/2021\/08\/RuandaPost-N3.pdf\">Ruanda Post N\u00b03<\/a><\/figcaption><\/figure>\n<\/div>\n\n\n\n<div class=\"wp-block-column is-layout-flow wp-block-column-is-layout-flow\">\n<figure class=\"wp-block-image size-large is-resized\"><a href=\"https:\/\/wir-sind-dann-mal-in-afrika.de\/wp-content\/uploads\/2021\/04\/RuandaPost-N2.pdf\" target=\"_blank\" rel=\"noopener\"><img data-recalc-dims=\"1\" loading=\"lazy\" decoding=\"async\" width=\"396\" height=\"561\" src=\"https:\/\/i0.wp.com\/wir-sind-dann-mal-in-afrika.de\/wp-content\/uploads\/2021\/04\/RP2_Deckblatt.jpg?resize=396%2C561&#038;ssl=1\" alt=\"\" class=\"wp-image-404\" style=\"width:162px;height:230px\" srcset=\"https:\/\/i0.wp.com\/wir-sind-dann-mal-in-afrika.de\/wp-content\/uploads\/2021\/04\/RP2_Deckblatt.jpg?w=396&amp;ssl=1 396w, https:\/\/i0.wp.com\/wir-sind-dann-mal-in-afrika.de\/wp-content\/uploads\/2021\/04\/RP2_Deckblatt.jpg?resize=212%2C300&amp;ssl=1 212w, https:\/\/i0.wp.com\/wir-sind-dann-mal-in-afrika.de\/wp-content\/uploads\/2021\/04\/RP2_Deckblatt.jpg?resize=82%2C116&amp;ssl=1 82w\" sizes=\"auto, (max-width: 396px) 100vw, 396px\" \/><\/a><figcaption class=\"wp-element-caption\"><a href=\"https:\/\/wir-sind-dann-mal-in-afrika.de\/wp-content\/uploads\/2021\/04\/RuandaPost-N2.pdf\" target=\"_blank\" rel=\"noreferrer noopener\">Ruanda Post N\u00b02<\/a><\/figcaption><\/figure>\n<\/div>\n\n\n\n<div class=\"wp-block-column is-layout-flow wp-block-column-is-layout-flow\">\n<figure class=\"wp-block-image size-large is-resized\"><a href=\"https:\/\/wir-sind-dann-mal-in-afrika.de\/wp-content\/uploads\/2021\/02\/RuandaPost-N1.pdf\" target=\"_blank\" rel=\"noopener\"><img data-recalc-dims=\"1\" loading=\"lazy\" decoding=\"async\" width=\"648\" height=\"918\" src=\"https:\/\/i0.wp.com\/wir-sind-dann-mal-in-afrika.de\/wp-content\/uploads\/2021\/02\/RP1_Deckblatt.jpg?resize=648%2C918&#038;ssl=1\" alt=\"\" class=\"wp-image-291\" style=\"width:162px;height:230px\" srcset=\"https:\/\/i0.wp.com\/wir-sind-dann-mal-in-afrika.de\/wp-content\/uploads\/2021\/02\/RP1_Deckblatt.jpg?w=648&amp;ssl=1 648w, https:\/\/i0.wp.com\/wir-sind-dann-mal-in-afrika.de\/wp-content\/uploads\/2021\/02\/RP1_Deckblatt.jpg?resize=212%2C300&amp;ssl=1 212w, https:\/\/i0.wp.com\/wir-sind-dann-mal-in-afrika.de\/wp-content\/uploads\/2021\/02\/RP1_Deckblatt.jpg?resize=82%2C116&amp;ssl=1 82w\" sizes=\"auto, (max-width: 648px) 100vw, 648px\" \/><\/a><figcaption class=\"wp-element-caption\"><a href=\"https:\/\/wir-sind-dann-mal-in-afrika.de\/wp-content\/uploads\/2021\/02\/RuandaPost-N1.pdf\" target=\"_blank\" rel=\"noreferrer noopener\">Ruanda Post N\u00b01<\/a><\/figcaption><\/figure>\n<\/div>\n<\/div>\n","protected":false},"excerpt":{"rendered":"<p>Wir schreiben (un-)regelm\u00e4\u00dfige Briefe, in denen wir \u00fcber unser Leben und unsere Arbeit in Ruanda berichten. Unsere Ruanda Post k\u00f6nnt&hellip; <a class=\"read-more\" href=\"https:\/\/wir-sind-dann-mal-in-afrika.de\/start\/ruanda-post\/\">Weiterlesen<\/a><\/p>\n","protected":false},"author":3,"featured_media":0,"parent":0,"menu_order":0,"comment_status":"closed","ping_status":"closed","template":"","meta":{"footnotes":""},"class_list":["post-286","page","type-page","status-publish","hentry"],"jetpack_sharing_enabled":true,"_links":{"self":[{"href":"https:\/\/wir-sind-dann-mal-in-afrika.de\/start\/wp-json\/wp\/v2\/pages\/286","targetHints":{"allow":["GET"]}}],"collection":[{"href":"https:\/\/wir-sind-dann-mal-in-afrika.de\/start\/wp-json\/wp\/v2\/pages"}],"about":[{"href":"https:\/\/wir-sind-dann-mal-in-afrika.de\/start\/wp-json\/wp\/v2\/types\/page"}],"author":[{"embeddable":true,"href":"https:\/\/wir-sind-dann-mal-in-afrika.de\/start\/wp-json\/wp\/v2\/users\/3"}],"replies":[{"embeddable":true,"href":"https:\/\/wir-sind-dann-mal-in-afrika.de\/start\/wp-json\/wp\/v2\/comments?post=286"}],"version-history":[{"count":28,"href":"https:\/\/wir-sind-dann-mal-in-afrika.de\/start\/wp-json\/wp\/v2\/pages\/286\/revisions"}],"predecessor-version":[{"id":1239,"href":"https:\/\/wir-sind-dann-mal-in-afrika.de\/start\/wp-json\/wp\/v2\/pages\/286\/revisions\/1239"}],"wp:attachment":[{"href":"https:\/\/wir-sind-dann-mal-in-afrika.de\/start\/wp-json\/wp\/v2\/media?parent=286"}],"curies":[{"name":"wp","href":"https:\/\/api.w.org\/{rel}","templated":true}]}}