{"id":318,"date":"2021-02-26T23:40:24","date_gmt":"2021-02-26T22:40:24","guid":{"rendered":"https:\/\/wir-sind-dann-mal-in-afrika.de\/start\/?page_id=318"},"modified":"2024-05-20T16:37:14","modified_gmt":"2024-05-20T14:37:14","slug":"unterstuetzung","status":"publish","type":"page","link":"https:\/\/wir-sind-dann-mal-in-afrika.de\/start\/unterstuetzung\/","title":{"rendered":"Unterst\u00fctzung"},"content":{"rendered":"\n<div class=\"wp-block-columns is-layout-flex wp-container-core-columns-is-layout-9d6595d7 wp-block-columns-is-layout-flex\">\n<div class=\"wp-block-column is-layout-flow wp-block-column-is-layout-flow\">\n<div style=\"height:38px\" aria-hidden=\"true\" class=\"wp-block-spacer\"><\/div>\n\n\n\n<p>Was w\u00e4re ein Leben ohne Freunde und Menschen, die sich gegenseitig unterst\u00fctzen? <br>Auf jeden Fall einsamer &#8211; und viele Dinge, gro\u00dfe und kleine Ideen und Pl\u00e4ne k\u00f6nnten oftmals nicht realisiert werden. <\/p>\n\n\n\n<div class=\"wp-block-columns are-vertically-aligned-center is-layout-flex wp-container-core-columns-is-layout-9d6595d7 wp-block-columns-is-layout-flex\">\n<div class=\"wp-block-column is-layout-flow wp-block-column-is-layout-flow\"><\/div>\n<\/div>\n\n\n\n<hr class=\"wp-block-separator has-css-opacity is-style-wide\"\/>\n\n\n\n<div class=\"wp-block-group\"><div class=\"wp-block-group__inner-container is-layout-flow wp-block-group-is-layout-flow\">\n<div class=\"wp-block-group\"><div class=\"wp-block-group__inner-container is-layout-flow wp-block-group-is-layout-flow\">\n<div class=\"wp-block-columns is-layout-flex wp-container-core-columns-is-layout-9d6595d7 wp-block-columns-is-layout-flex\">\n<div class=\"wp-block-column is-layout-flow wp-block-column-is-layout-flow\"><\/div>\n\n\n\n<div class=\"wp-block-column is-layout-flow wp-block-column-is-layout-flow\"><\/div>\n<\/div>\n<\/div><\/div>\n\n\n\n<div class=\"wp-block-columns is-layout-flex wp-container-core-columns-is-layout-9d6595d7 wp-block-columns-is-layout-flex\">\n<div class=\"wp-block-column is-layout-flow wp-block-column-is-layout-flow\" style=\"flex-basis:66.66%\">\n<p>Auch wir versuchen zu helfen und zu teilen, hier in Ruanda &#8211; und ben\u00f6tigen daf\u00fcr Unterst\u00fctzung, praktische und  finanzielle. Unser Projekt wird insgesamt zu ca. 50% staatlich gef\u00f6rdert, die restlichen Kosten werden durch Spenden gedeckt.<\/p>\n\n\n\n<p>Du kannst dir vorstellen, uns und dadurch den Familien und Kinder in der Region Kirinda in Ruanda zu helfen? Wir w\u00e4ren dir daf\u00fcr sehr sehr dankbar &#8211; egal ob als Einmalspende oder monatliche Unterst\u00fctzung, und auch scheinbar kleine Betr\u00e4ge helfen uns sehr!!<br>(Alle Spenden sind nat\u00fcrlich steuerlich absetzbar)<\/p>\n\n\n\n<p>\u00dcber Geld reden f\u00e4llt uns nicht immer ganz leicht &#8211; f\u00fchl dich also nicht unter Druck gesetzt, sondern h\u00f6r auf dein Herz, spontan oder \u00fcberlegt &#8211; und <strong>in jedem Fall herzlichen Dank!!!<\/strong><\/p>\n<\/div>\n\n\n\n<div class=\"wp-block-column is-layout-flow wp-block-column-is-layout-flow\" style=\"flex-basis:33.33%\">\n<figure class=\"wp-block-image size-large\"><img data-recalc-dims=\"1\" loading=\"lazy\" decoding=\"async\" width=\"709\" height=\"473\" src=\"https:\/\/i0.wp.com\/wir-sind-dann-mal-in-afrika.de\/wp-content\/uploads\/2021\/02\/IMG_2631-3.jpg?resize=709%2C473&#038;ssl=1\" alt=\"\" class=\"wp-image-354\" srcset=\"https:\/\/i0.wp.com\/wir-sind-dann-mal-in-afrika.de\/wp-content\/uploads\/2021\/02\/IMG_2631-3.jpg?w=709&amp;ssl=1 709w, https:\/\/i0.wp.com\/wir-sind-dann-mal-in-afrika.de\/wp-content\/uploads\/2021\/02\/IMG_2631-3.jpg?resize=300%2C200&amp;ssl=1 300w, https:\/\/i0.wp.com\/wir-sind-dann-mal-in-afrika.de\/wp-content\/uploads\/2021\/02\/IMG_2631-3.jpg?resize=174%2C116&amp;ssl=1 174w\" sizes=\"auto, (max-width: 709px) 100vw, 709px\" \/><\/figure>\n<\/div>\n<\/div>\n<\/div><\/div>\n\n\n\n<hr class=\"wp-block-separator has-css-opacity is-style-wide\"\/>\n\n\n\n<p>es gibt inzwischen 2 M\u00f6glichkeiten, uns zu unterst\u00fctzen (in beiden F\u00e4llen erhaltet ihr eine Spendenquittung):<\/p>\n<\/div>\n<\/div>\n\n\n\n<div class=\"wp-block-columns is-layout-flex wp-container-core-columns-is-layout-9d6595d7 wp-block-columns-is-layout-flex\">\n<div class=\"wp-block-column is-layout-flow wp-block-column-is-layout-flow\">\n<h2 class=\"wp-block-heading\"><strong>Zum Einen<\/strong><\/h2>\n\n\n\n<p>&#8230; ben\u00f6tigen wir, wie oben beschrieben, allgemeine Unterst\u00fctzung f\u00fcr unseren Einsatz. Dies deckt allt\u00e4gliche Kosten ab, Fahrten etc., und erm\u00f6glicht es uns \u00fcberhaupt erst, hier t\u00e4tig zu sein.<\/p>\n\n\n\n<p>Um uns dies bez\u00fcglich zu helfen \u00fcberweist einfach an das unten stehende Konto mit dem beschriebenen Betreff.<\/p>\n\n\n\n<div style=\"height:48px\" aria-hidden=\"true\" class=\"wp-block-spacer\"><\/div>\n\n\n<div class=\"wp-block-image\">\n<figure class=\"aligncenter size-medium\"><img data-recalc-dims=\"1\" loading=\"lazy\" decoding=\"async\" width=\"300\" height=\"225\" src=\"https:\/\/i0.wp.com\/wir-sind-dann-mal-in-afrika.de\/wp-content\/uploads\/2022\/04\/DSC_2096_2.jpg?resize=300%2C225&#038;ssl=1\" alt=\"\" class=\"wp-image-709\" srcset=\"https:\/\/i0.wp.com\/wir-sind-dann-mal-in-afrika.de\/wp-content\/uploads\/2022\/04\/DSC_2096_2-scaled.jpg?resize=300%2C225&amp;ssl=1 300w, https:\/\/i0.wp.com\/wir-sind-dann-mal-in-afrika.de\/wp-content\/uploads\/2022\/04\/DSC_2096_2-scaled.jpg?resize=1024%2C768&amp;ssl=1 1024w, https:\/\/i0.wp.com\/wir-sind-dann-mal-in-afrika.de\/wp-content\/uploads\/2022\/04\/DSC_2096_2-scaled.jpg?resize=768%2C576&amp;ssl=1 768w, https:\/\/i0.wp.com\/wir-sind-dann-mal-in-afrika.de\/wp-content\/uploads\/2022\/04\/DSC_2096_2-scaled.jpg?resize=1536%2C1152&amp;ssl=1 1536w, https:\/\/i0.wp.com\/wir-sind-dann-mal-in-afrika.de\/wp-content\/uploads\/2022\/04\/DSC_2096_2-scaled.jpg?resize=2048%2C1536&amp;ssl=1 2048w, https:\/\/i0.wp.com\/wir-sind-dann-mal-in-afrika.de\/wp-content\/uploads\/2022\/04\/DSC_2096_2-scaled.jpg?resize=120%2C90&amp;ssl=1 120w, https:\/\/i0.wp.com\/wir-sind-dann-mal-in-afrika.de\/wp-content\/uploads\/2022\/04\/DSC_2096_2-scaled.jpg?resize=1320%2C990&amp;ssl=1 1320w, https:\/\/i0.wp.com\/wir-sind-dann-mal-in-afrika.de\/wp-content\/uploads\/2022\/04\/DSC_2096_2-scaled.jpg?resize=155%2C116&amp;ssl=1 155w, https:\/\/i0.wp.com\/wir-sind-dann-mal-in-afrika.de\/wp-content\/uploads\/2022\/04\/DSC_2096_2-scaled.jpg?w=2280&amp;ssl=1 2280w\" sizes=\"auto, (max-width: 300px) 100vw, 300px\" \/><\/figure>\n<\/div><\/div>\n\n\n\n<div class=\"wp-block-column is-layout-flow wp-block-column-is-layout-flow\">\n<h2 class=\"wp-block-heading\"><strong>Zum Anderen<\/strong><\/h2>\n\n\n\n<p>&#8230; fehlt es im Krankenhaus immer wieder an Kleinigkeiten (Masken zur Sauerstofftherapie, Blutdruckmessger\u00e4ten etc. ) und gr\u00f6\u00dferen Ger\u00e4ten (Ersatzteile f\u00fcr das R\u00f6ntgenger\u00e4t, Pulsoxymetrie-Ger\u00e4te&#8230;). Da es sich um ein kirchliches\/staatliches Haus handelt und nicht um eine Privatklinik, reichen die Einnahmen der Klinik oft nicht aus, um diese Anschaffungen zu t\u00e4tigen. Wie fast alle Krankenh\u00e4user in Afrika ist auch Kirinda hier auf Spenden aus dem Ausland angewiesen.<br>Dar\u00fcber hinaus gibt es immer wieder auch soziale H\u00e4rtef\u00e4lle, die schnelle und unb\u00fcrokratische Hilfe ben\u00f6tigen. Oft stehen einer Verlegung in eine gr\u00f6\u00dfere Klinik (und damit manchmal auch dem \u00dcberleben) das fehlende Geld im Weg. In sehr ausgew\u00e4hlten F\u00e4llen w\u00fcrden wir hier gerne helfen. <\/p>\n\n\n\n<p class=\"has-vivid-red-color has-text-color has-link-color wp-elements-578bb11ffc16c5b15b7518400c2d173a\">&#8211;> da sich unser Projekt dem Ende zuneigt und wir alle Spenden bis Projektende ausgegeben haben m\u00fcssen, k\u00f6nnen wir hierzu keine weiteren Spenden mehr entgegen nehmen. Bitte kontaktiert uns direkt, wenn ihr diesbez\u00fcglich helfen wollt. <\/p>\n\n\n\n<p>vielen Dank f\u00fcr alle Unterst\u00fctzung!!!<\/p>\n<\/div>\n<\/div>\n\n\n\n<hr class=\"wp-block-separator has-css-opacity is-style-wide\"\/>\n\n\n\n<p><\/p>\n\n\n\n<p>Ganz praktisch erreichen uns deine Spenden \u00fcber das Spendenkonto von Coworkers:<br>(das Bankkonto beh\u00e4lt den alten Namen  &#8222;Christliche Fachkr\u00e4fte International eV.&#8220; )<br><br><strong>Bankverbindung<\/strong>:<br>Name: Christliche Fachkr\u00e4fte International e.V.<br>Bank: Evangelische Bank e.G.<br>IBAN: DE13 5206 0410 0000 4159 01<br>BIC: GENODEF1EK1<br><\/p>\n\n\n\n<p>Bitte im Verwendungszweck &#8222;<strong>Ahlers, Ruanda<\/strong>&#8220; und die <strong>vollst\u00e4ndige Adresse des Spenders<\/strong> angeben. <br>Ersteres ist wichtig f\u00fcr uns, letzteres f\u00fcr deine Spendenquittung.<\/p>\n\n\n\n<div class=\"wp-block-columns is-layout-flex wp-container-core-columns-is-layout-9d6595d7 wp-block-columns-is-layout-flex\">\n<div class=\"wp-block-column is-layout-flow wp-block-column-is-layout-flow\">\n<div style=\"height:33px\" aria-hidden=\"true\" class=\"wp-block-spacer\"><\/div>\n\n\n\n<p class=\"has-small-font-size\">Eine Zuwendungsbest\u00e4tigung wird zugesandt. Wer innerhalb von acht Wochen keine Zuwendungsbest\u00e4tigung erhalten hat, melde sich bitte bei Christliche Fachkr\u00e4fte International, um eventuelle Fehler in der Adresse zu korrigieren.<\/p>\n<\/div>\n\n\n\n<div class=\"wp-block-column is-layout-flow wp-block-column-is-layout-flow\"><\/div>\n<\/div>\n\n\n\n<p><\/p>\n","protected":false},"excerpt":{"rendered":"<p>Was w\u00e4re ein Leben ohne Freunde und Menschen, die sich gegenseitig unterst\u00fctzen? Auf jeden Fall einsamer &#8211; und viele Dinge,&hellip; <a class=\"read-more\" href=\"https:\/\/wir-sind-dann-mal-in-afrika.de\/start\/unterstuetzung\/\">Weiterlesen<\/a><\/p>\n","protected":false},"author":3,"featured_media":0,"parent":0,"menu_order":0,"comment_status":"closed","ping_status":"closed","template":"","meta":{"footnotes":""},"class_list":["post-318","page","type-page","status-publish","hentry"],"jetpack_sharing_enabled":true,"_links":{"self":[{"href":"https:\/\/wir-sind-dann-mal-in-afrika.de\/start\/wp-json\/wp\/v2\/pages\/318","targetHints":{"allow":["GET"]}}],"collection":[{"href":"https:\/\/wir-sind-dann-mal-in-afrika.de\/start\/wp-json\/wp\/v2\/pages"}],"about":[{"href":"https:\/\/wir-sind-dann-mal-in-afrika.de\/start\/wp-json\/wp\/v2\/types\/page"}],"author":[{"embeddable":true,"href":"https:\/\/wir-sind-dann-mal-in-afrika.de\/start\/wp-json\/wp\/v2\/users\/3"}],"replies":[{"embeddable":true,"href":"https:\/\/wir-sind-dann-mal-in-afrika.de\/start\/wp-json\/wp\/v2\/comments?post=318"}],"version-history":[{"count":35,"href":"https:\/\/wir-sind-dann-mal-in-afrika.de\/start\/wp-json\/wp\/v2\/pages\/318\/revisions"}],"predecessor-version":[{"id":1269,"href":"https:\/\/wir-sind-dann-mal-in-afrika.de\/start\/wp-json\/wp\/v2\/pages\/318\/revisions\/1269"}],"wp:attachment":[{"href":"https:\/\/wir-sind-dann-mal-in-afrika.de\/start\/wp-json\/wp\/v2\/media?parent=318"}],"curies":[{"name":"wp","href":"https:\/\/api.w.org\/{rel}","templated":true}]}}