{"id":357,"date":"2021-02-26T23:50:49","date_gmt":"2021-02-26T22:50:49","guid":{"rendered":"https:\/\/wir-sind-dann-mal-in-afrika.de\/start\/?page_id=357"},"modified":"2021-05-22T11:42:19","modified_gmt":"2021-05-22T09:42:19","slug":"unsere-aufgabe","status":"publish","type":"page","link":"https:\/\/wir-sind-dann-mal-in-afrika.de\/start\/unsere-aufgabe\/","title":{"rendered":"das Projekt"},"content":{"rendered":"\n<div style=\"height:33px\" aria-hidden=\"true\" class=\"wp-block-spacer\"><\/div>\n\n\n\n<div class=\"wp-block-columns is-layout-flex wp-container-core-columns-is-layout-9d6595d7 wp-block-columns-is-layout-flex\">\n<div class=\"wp-block-column is-layout-flow wp-block-column-is-layout-flow\" style=\"flex-basis:100%\">\n<div class=\"wp-block-group\"><div class=\"wp-block-group__inner-container is-layout-flow wp-block-group-is-layout-flow\">\n<div class=\"wp-block-columns is-layout-flex wp-container-core-columns-is-layout-9d6595d7 wp-block-columns-is-layout-flex\">\n<div class=\"wp-block-column is-layout-flow wp-block-column-is-layout-flow\" style=\"flex-basis:100%\">\n<div class=\"wp-block-columns is-layout-flex wp-container-core-columns-is-layout-9d6595d7 wp-block-columns-is-layout-flex\">\n<div class=\"wp-block-column is-layout-flow wp-block-column-is-layout-flow\" style=\"flex-basis:66.66%\">\n<p>Kirinda ist ein kleiner Ort ca. 2,5 Autostunden von Kigali entfernt, eingebettet in viele H\u00fcgel im Westen Ruandas. Hier wurde 1958 von der presbyterianischen Kirche ein Krankenhaus gegr\u00fcndet, das zusammen mit den 6 angeschlossenen Health Centers eine Bev\u00f6lkerung von etwa 116.000 Einwohner versorgt. Das Kirinda District Hospital (KH) hat 156 Betten und einige gel\u00e4ndeg\u00e4ngige Krankenwagen. Pro Monat kommen hier durchschnittlich 100 Babys zur Welt, die im Notfall auf einer Neugeborenen-Station behandelt werden. Auch eine Station f\u00fcr gr\u00f6\u00dfere Kinder ist vorhanden.<\/p>\n\n\n\n<p>Der Leiter des KH ist ein gut ausgebildeter und sehr engagierter Augenarzt. Neben ihm gibt es noch 7 weitere \u00c4rzte, die jedoch keine Spezialisierung und teilweise noch wenig Arbeitserfahrung haben. Als so genannte General Practitioner haben sie eine breite Ausbildung &#8211; k\u00f6nnen also anders als die meisten deutschen \u00c4rzte Kaiserschnitte, Bluthochdruck <em>und <\/em>Beinbr\u00fcche behandeln. Allerdings ist daf\u00fcr in  den einzelnen Disziplinen nur wenig Fachwissen vorhanden.<\/p>\n\n\n\n<p>Im Vergleich zu vielen anderen afrikanischen L\u00e4ndern ist das Gesundheitssystem in Rwanda in der Breite ganz ordentlich aufgestellt, sowohl was das Netz der Krankenh\u00e4user als auch die Anzahl der \u00c4rzte betrifft. Leider fehlt es allerdings oft an tieferen Kenntnissen oder technischen Ger\u00e4ten, um schwerwiegendere oder kompliziertere Erkrankungen zu behandeln. Ein Vergleich mit europ\u00e4ischem Standard oder den medizinischen M\u00f6glichkeiten, die es etwa in Nairobi in Kenia gibt, ist daher bei weitem nicht m\u00f6glich.<\/p>\n\n\n\n<p>J\u00f6rg\u2019s Aufgabe ist es, gemeinsam mit den lokalen \u00c4rzten, den Hebammen und Krankenschwestern die Behandlung von Kindern und Babys zu verbessern. Ein Teil der Arbeit besteht darin, Strukturen zu ver\u00e4ndern, etwa Kreissaal und Neugeborenen-Versorgung r\u00e4umlich und fachlich n\u00e4her zusammen zu bringen, da die ersten Minuten im Leben eines Babys entscheidend sein k\u00f6nnen. Den zweiten gro\u00dfen Punkt bildet die Schulung des Personals in theoretischen und praktischen F\u00e4higkeiten.<\/p>\n\n\n\n<p>Ver\u00e4nderungen, v.a. wenn sie nachhaltig sein sollen, ben\u00f6tigen Zeit. Es ist nicht das Ziel, die meiste Arbeit in der Klinik als ausl\u00e4ndische Fachkraft selbst zu erledigen und am Ende des Projektes eine L\u00fccke zu hinterlassen. Vielmehr sollen die ruandischen Mitarbeiter Ver\u00e4nderungen mit gestalten und in erster Linie selbst f\u00fcr eine bessere Medizin sorgen.<\/p>\n\n\n\n<p>Auf deutscher Seite sind wir als Entwicklungsfachkraft bei der kirchlichen Organisation <a rel=\"noreferrer noopener\" href=\"https:\/\/coworkers.de\" target=\"_blank\">Coworkers<\/a> (fr\u00fcher CFI) angestellt, ein staatlich anerkannter Entwicklungsdienst. Wie bei allen Coworkers-Projekten geht die Anfrage nach Unterst\u00fctzung vom lokalen Partner aus, in unserem Fall dem Tr\u00e4ger des Krankenhauses (Presbyterian Church Rwanda), der gezielt nach Fach\u00e4rzten zur Verbesserung der Ausbildung seines Personals sucht. Auch die Projektleitung liegt in den H\u00e4nden der einheimischen Partner. Wir stehen sehr hinter diesem Ansatz der Entwicklungszusammenarbeit, bei dem Austausch, gegenseitiges Lernen und schlie\u00dflich die Projektentwicklung gemeinsam und auf Augenh\u00f6he stattfinden.<\/p>\n\n\n\n<p>Ein weiterer Grund, warum wir uns bewusst f\u00fcr Coworkers entschieden haben, ist der christliche Hintergrund der Organisation. Dieses Mehr an Angenommen sein, an Menschen- und N\u00e4chstenliebe und an Hoffnung, dass wir durch unseren Glauben an Jesus erleben, wird auch von Coworkers gelebt. Dies \u00e4u\u00dfert sich in der Auswahl der Projekte und Partner, aber auch im Menschenbild der Organisation und dem Umgang mit den Mitarbeitern.<\/p>\n<\/div>\n\n\n\n<div class=\"wp-block-column is-layout-flow wp-block-column-is-layout-flow\" style=\"flex-basis:33.33%\">\n<figure class=\"wp-block-image size-large\"><img data-recalc-dims=\"1\" loading=\"lazy\" decoding=\"async\" width=\"300\" height=\"200\" src=\"https:\/\/i0.wp.com\/wir-sind-dann-mal-in-afrika.de\/wp-content\/uploads\/2021\/03\/KH.jpg?resize=300%2C200&#038;ssl=1\" alt=\"\" class=\"wp-image-397\" srcset=\"https:\/\/i0.wp.com\/wir-sind-dann-mal-in-afrika.de\/wp-content\/uploads\/2021\/03\/KH.jpg?w=300&amp;ssl=1 300w, https:\/\/i0.wp.com\/wir-sind-dann-mal-in-afrika.de\/wp-content\/uploads\/2021\/03\/KH.jpg?resize=174%2C116&amp;ssl=1 174w\" sizes=\"auto, (max-width: 300px) 100vw, 300px\" \/><figcaption>Kirinda Hospital<\/figcaption><\/figure>\n\n\n\n<figure class=\"wp-block-image size-large\"><img data-recalc-dims=\"1\" loading=\"lazy\" decoding=\"async\" width=\"300\" height=\"200\" src=\"https:\/\/i0.wp.com\/wir-sind-dann-mal-in-afrika.de\/wp-content\/uploads\/2021\/03\/IMG_20200923_141223.jpg?resize=300%2C200&#038;ssl=1\" alt=\"\" class=\"wp-image-389\" srcset=\"https:\/\/i0.wp.com\/wir-sind-dann-mal-in-afrika.de\/wp-content\/uploads\/2021\/03\/IMG_20200923_141223.jpg?w=300&amp;ssl=1 300w, https:\/\/i0.wp.com\/wir-sind-dann-mal-in-afrika.de\/wp-content\/uploads\/2021\/03\/IMG_20200923_141223.jpg?resize=174%2C116&amp;ssl=1 174w\" sizes=\"auto, (max-width: 300px) 100vw, 300px\" \/><figcaption>Blick auf Kirinda vom Krankenhaus aus<\/figcaption><\/figure>\n\n\n\n<figure class=\"wp-block-image size-large\"><img data-recalc-dims=\"1\" loading=\"lazy\" decoding=\"async\" width=\"300\" height=\"200\" src=\"https:\/\/i0.wp.com\/wir-sind-dann-mal-in-afrika.de\/wp-content\/uploads\/2021\/03\/DSC_1712-2.jpg?resize=300%2C200&#038;ssl=1\" alt=\"\" class=\"wp-image-390\" srcset=\"https:\/\/i0.wp.com\/wir-sind-dann-mal-in-afrika.de\/wp-content\/uploads\/2021\/03\/DSC_1712-2.jpg?w=300&amp;ssl=1 300w, https:\/\/i0.wp.com\/wir-sind-dann-mal-in-afrika.de\/wp-content\/uploads\/2021\/03\/DSC_1712-2.jpg?resize=174%2C116&amp;ssl=1 174w\" sizes=\"auto, (max-width: 300px) 100vw, 300px\" \/><figcaption>Krankenwagen f\u00fcr anspruchsvolle Wege<\/figcaption><\/figure>\n\n\n\n<figure class=\"wp-block-image size-large\"><img data-recalc-dims=\"1\" loading=\"lazy\" decoding=\"async\" width=\"300\" height=\"225\" src=\"https:\/\/i0.wp.com\/wir-sind-dann-mal-in-afrika.de\/wp-content\/uploads\/2021\/03\/IMG_20200923_132649.jpg?resize=300%2C225&#038;ssl=1\" alt=\"\" class=\"wp-image-395\" srcset=\"https:\/\/i0.wp.com\/wir-sind-dann-mal-in-afrika.de\/wp-content\/uploads\/2021\/03\/IMG_20200923_132649.jpg?w=300&amp;ssl=1 300w, https:\/\/i0.wp.com\/wir-sind-dann-mal-in-afrika.de\/wp-content\/uploads\/2021\/03\/IMG_20200923_132649.jpg?resize=120%2C90&amp;ssl=1 120w, https:\/\/i0.wp.com\/wir-sind-dann-mal-in-afrika.de\/wp-content\/uploads\/2021\/03\/IMG_20200923_132649.jpg?resize=155%2C116&amp;ssl=1 155w\" sizes=\"auto, (max-width: 300px) 100vw, 300px\" \/><figcaption>zwischen den Stationen &#8211; gr\u00fcn<\/figcaption><\/figure>\n\n\n\n<figure class=\"wp-block-image size-large\"><img data-recalc-dims=\"1\" loading=\"lazy\" decoding=\"async\" width=\"300\" height=\"200\" src=\"https:\/\/i0.wp.com\/wir-sind-dann-mal-in-afrika.de\/wp-content\/uploads\/2021\/03\/DSC_1701.jpg?resize=300%2C200&#038;ssl=1\" alt=\"\" class=\"wp-image-391\" srcset=\"https:\/\/i0.wp.com\/wir-sind-dann-mal-in-afrika.de\/wp-content\/uploads\/2021\/03\/DSC_1701.jpg?w=300&amp;ssl=1 300w, https:\/\/i0.wp.com\/wir-sind-dann-mal-in-afrika.de\/wp-content\/uploads\/2021\/03\/DSC_1701.jpg?resize=174%2C116&amp;ssl=1 174w\" sizes=\"auto, (max-width: 300px) 100vw, 300px\" \/><figcaption>ein kleiner Patient im W\u00e4rmebett<\/figcaption><\/figure>\n\n\n\n<figure class=\"wp-block-image size-large\"><img data-recalc-dims=\"1\" loading=\"lazy\" decoding=\"async\" width=\"300\" height=\"225\" src=\"https:\/\/i0.wp.com\/wir-sind-dann-mal-in-afrika.de\/wp-content\/uploads\/2021\/03\/DSC_1734.jpg?resize=300%2C225&#038;ssl=1\" alt=\"\" class=\"wp-image-396\" srcset=\"https:\/\/i0.wp.com\/wir-sind-dann-mal-in-afrika.de\/wp-content\/uploads\/2021\/03\/DSC_1734.jpg?w=300&amp;ssl=1 300w, https:\/\/i0.wp.com\/wir-sind-dann-mal-in-afrika.de\/wp-content\/uploads\/2021\/03\/DSC_1734.jpg?resize=120%2C90&amp;ssl=1 120w, https:\/\/i0.wp.com\/wir-sind-dann-mal-in-afrika.de\/wp-content\/uploads\/2021\/03\/DSC_1734.jpg?resize=155%2C116&amp;ssl=1 155w\" sizes=\"auto, (max-width: 300px) 100vw, 300px\" \/><figcaption>Genozid-Gedenkst\u00e4tte auf dem Klinikgel\u00e4nde<\/figcaption><\/figure>\n<\/div>\n<\/div>\n<\/div>\n<\/div>\n<\/div><\/div>\n<\/div>\n<\/div>\n\n\n\n<div class=\"wp-block-columns is-layout-flex wp-container-core-columns-is-layout-9d6595d7 wp-block-columns-is-layout-flex\">\n<div class=\"wp-block-column is-layout-flow wp-block-column-is-layout-flow\" style=\"flex-basis:33.33%\"><\/div>\n\n\n\n<div class=\"wp-block-column is-layout-flow wp-block-column-is-layout-flow\" style=\"flex-basis:66.66%\"><\/div>\n<\/div>\n\n\n\n<div class=\"wp-block-columns is-layout-flex wp-container-core-columns-is-layout-9d6595d7 wp-block-columns-is-layout-flex\">\n<div class=\"wp-block-column is-layout-flow wp-block-column-is-layout-flow\" style=\"flex-basis:33.33%\">\n<div class=\"wp-block-columns is-layout-flex wp-container-core-columns-is-layout-9d6595d7 wp-block-columns-is-layout-flex\">\n<div class=\"wp-block-column is-layout-flow wp-block-column-is-layout-flow\" style=\"flex-basis:66.66%\"><\/div>\n<\/div>\n<\/div>\n\n\n\n<div class=\"wp-block-column is-layout-flow wp-block-column-is-layout-flow\" style=\"flex-basis:66.66%\"><\/div>\n<\/div>\n\n\n\n<div class=\"wp-block-columns is-layout-flex wp-container-core-columns-is-layout-9d6595d7 wp-block-columns-is-layout-flex\">\n<div class=\"wp-block-column is-layout-flow wp-block-column-is-layout-flow\" style=\"flex-basis:33.33%\"><\/div>\n\n\n\n<div class=\"wp-block-column is-layout-flow wp-block-column-is-layout-flow\" style=\"flex-basis:66.66%\"><\/div>\n<\/div>\n\n\n\n<hr class=\"wp-block-separator is-style-dots\"\/>\n\n\n\n<div class=\"wp-block-columns is-layout-flex wp-container-core-columns-is-layout-9d6595d7 wp-block-columns-is-layout-flex\">\n<div class=\"wp-block-column is-layout-flow wp-block-column-is-layout-flow\" style=\"flex-basis:33.33%\"><\/div>\n\n\n\n<div class=\"wp-block-column is-layout-flow wp-block-column-is-layout-flow\" style=\"flex-basis:66.66%\"><\/div>\n<\/div>\n\n\n\n<hr class=\"wp-block-separator is-style-dots\"\/>\n","protected":false},"excerpt":{"rendered":"<p>Kirinda ist ein kleiner Ort ca. 2,5 Autostunden von Kigali entfernt, eingebettet in viele H\u00fcgel im Westen Ruandas. Hier wurde&hellip; <a class=\"read-more\" href=\"https:\/\/wir-sind-dann-mal-in-afrika.de\/start\/unsere-aufgabe\/\">Weiterlesen<\/a><\/p>\n","protected":false},"author":3,"featured_media":0,"parent":0,"menu_order":0,"comment_status":"closed","ping_status":"closed","template":"","meta":{"footnotes":""},"class_list":["post-357","page","type-page","status-publish","hentry"],"jetpack_sharing_enabled":true,"_links":{"self":[{"href":"https:\/\/wir-sind-dann-mal-in-afrika.de\/start\/wp-json\/wp\/v2\/pages\/357","targetHints":{"allow":["GET"]}}],"collection":[{"href":"https:\/\/wir-sind-dann-mal-in-afrika.de\/start\/wp-json\/wp\/v2\/pages"}],"about":[{"href":"https:\/\/wir-sind-dann-mal-in-afrika.de\/start\/wp-json\/wp\/v2\/types\/page"}],"author":[{"embeddable":true,"href":"https:\/\/wir-sind-dann-mal-in-afrika.de\/start\/wp-json\/wp\/v2\/users\/3"}],"replies":[{"embeddable":true,"href":"https:\/\/wir-sind-dann-mal-in-afrika.de\/start\/wp-json\/wp\/v2\/comments?post=357"}],"version-history":[{"count":14,"href":"https:\/\/wir-sind-dann-mal-in-afrika.de\/start\/wp-json\/wp\/v2\/pages\/357\/revisions"}],"predecessor-version":[{"id":424,"href":"https:\/\/wir-sind-dann-mal-in-afrika.de\/start\/wp-json\/wp\/v2\/pages\/357\/revisions\/424"}],"wp:attachment":[{"href":"https:\/\/wir-sind-dann-mal-in-afrika.de\/start\/wp-json\/wp\/v2\/media?parent=357"}],"curies":[{"name":"wp","href":"https:\/\/api.w.org\/{rel}","templated":true}]}}